{"id":14,"date":"2015-10-08T20:00:24","date_gmt":"2015-10-08T19:00:24","guid":{"rendered":"http:\/\/www.racing-simulator.ch\/?page_id=14"},"modified":"2019-07-26T13:49:03","modified_gmt":"2019-07-26T12:49:03","slug":"a-notre-propos","status":"publish","type":"page","link":"https:\/\/www.racing-simulator.ch\/index.php\/a-notre-propos\/","title":{"rendered":"A notre propos"},"content":{"rendered":"<h2>Qui sommes-nous ?<\/h2>\n<p style=\"text-align: justify;\">Passionn\u00e9s par les belles voitures et la simulation de sport automobile, Olivier et Fran\u00e7ois ont uni leurs comp\u00e9tences pour d\u00e9velopper et concevoir un cockpit dynamique. Le but: aboutir \u00e0 une solution \u00e0 un prix raisonnable avec un maximum de sensations !<\/p>\n<ul>\n<li style=\"text-align: justify;\">2014 &#8211; les plans et les premi\u00e8res pi\u00e8ces sont usin\u00e9es<\/li>\n<li style=\"text-align: justify;\">2017 &#8211; le simulateur est op\u00e9rationnel<\/li>\n<li style=\"text-align: justify;\">2019 &#8211; installation d&rsquo;un <a href=\"http:\/\/ac.racingsimulator.ch:8772\/\" target=\"_blank\" rel=\"noopener noreferrer\">serveur d\u00e9di\u00e9<\/a> pour ASSETTO CORSA<\/li>\n<\/ul>\n<p>Suivez notre aventure sur <a href=\"https:\/\/www.facebook.com\/simulateurauto\" target=\"_blank\" rel=\"noopener noreferrer\">FaceBook<\/a>, notre <a href=\"http:\/\/www.racing-simulator.ch\/index.php\/blog\/\">blog<\/a>, <a href=\"https:\/\/www.racing-simulator.ch\/index.php\/rs-team\/\">rejoignez-nous<\/a> et profitez de notre <a href=\"http:\/\/ac.racingsimulator.ch:8772\/\" target=\"_blank\" rel=\"noopener noreferrer\">serveur d\u00e9di\u00e9<\/a> !<\/p>\n<p style=\"text-align: center;\"><a href=\"https:\/\/www.racing-simulator.ch\/index.php\/rs-team\/\"><img loading=\"lazy\" decoding=\"async\" class=\"alignnone size-thumbnail wp-image-552\" src=\"https:\/\/www.racing-simulator.ch\/wp-content\/uploads\/2019\/07\/RS_avatar_184x184-150x150.png\" alt=\"RS TEAM\" width=\"150\" height=\"150\" srcset=\"https:\/\/www.racing-simulator.ch\/wp-content\/uploads\/2019\/07\/RS_avatar_184x184-150x150.png 150w, https:\/\/www.racing-simulator.ch\/wp-content\/uploads\/2019\/07\/RS_avatar_184x184-100x100.png 100w, https:\/\/www.racing-simulator.ch\/wp-content\/uploads\/2019\/07\/RS_avatar_184x184.png 184w\" sizes=\"auto, (max-width: 150px) 100vw, 150px\" \/><\/a><\/p>\n<p><a href=\"http:\/\/www.racing-simulator.ch\/wp-content\/uploads\/2015\/10\/rs_2.png\"><img loading=\"lazy\" decoding=\"async\" class=\"aligncenter wp-image-57 size-full\" src=\"http:\/\/www.racing-simulator.ch\/wp-content\/uploads\/2015\/10\/rs_2.png\" alt=\"Racing Simulator - plan\" width=\"960\" height=\"259\" srcset=\"https:\/\/www.racing-simulator.ch\/wp-content\/uploads\/2015\/10\/rs_2.png 960w, https:\/\/www.racing-simulator.ch\/wp-content\/uploads\/2015\/10\/rs_2-510x138.png 510w, https:\/\/www.racing-simulator.ch\/wp-content\/uploads\/2015\/10\/rs_2-300x81.png 300w\" sizes=\"auto, (max-width: 960px) 100vw, 960px\" \/><\/a><\/p>\n","protected":false},"excerpt":{"rendered":"<p>Qui sommes-nous ? Passionn\u00e9s par les belles voitures et la simulation de sport automobile, Olivier et Fran\u00e7ois ont uni leurs comp\u00e9tences pour d\u00e9velopper et concevoir un cockpit dynamique. Le but: aboutir \u00e0 une solution \u00e0 un prix raisonnable avec un maximum de sensations ! 2014 &#8211; les plans et les premi\u00e8res pi\u00e8ces sont usin\u00e9es 2017 [&#8230;]\n","protected":false},"author":1,"featured_media":0,"parent":0,"menu_order":0,"comment_status":"closed","ping_status":"closed","template":"","meta":{"footnotes":""},"class_list":["post-14","page","type-page","status-publish","hentry"],"yoast_head":"<!-- This site is optimized with the Yoast SEO plugin v27.5 - https:\/\/yoast.com\/product\/yoast-seo-wordpress\/ -->\n<title>A notre propos<\/title>\n<meta name=\"description\" content=\"Qui sommes-nous ? Passionn\u00e9s par les belles voitures et la simulation de sport automobile, Olivier et Fran\u00e7ois ont uni leurs comp\u00e9tences pour d\u00e9velopper\" \/>\n<meta name=\"robots\" content=\"index, follow, max-snippet:-1, max-image-preview:large, max-video-preview:-1\" \/>\n<link rel=\"canonical\" href=\"https:\/\/www.racing-simulator.ch\/index.php\/a-notre-propos\/\" \/>\n<meta property=\"og:locale\" content=\"fr_FR\" \/>\n<meta property=\"og:type\" content=\"article\" \/>\n<meta property=\"og:title\" content=\"A notre propos\" \/>\n<meta property=\"og:description\" content=\"Qui sommes-nous ? Passionn\u00e9s par les belles voitures et la simulation de sport automobile, Olivier et Fran\u00e7ois ont uni leurs comp\u00e9tences pour d\u00e9velopper\" \/>\n<meta property=\"og:url\" content=\"https:\/\/www.racing-simulator.ch\/index.php\/a-notre-propos\/\" \/>\n<meta property=\"og:site_name\" content=\"Racing Simulator\" \/>\n<meta property=\"article:publisher\" content=\"https:\/\/www.facebook.com\/simulateurauto\" \/>\n<meta property=\"article:modified_time\" content=\"2019-07-26T12:49:03+00:00\" \/>\n<meta property=\"og:image\" content=\"https:\/\/www.racing-simulator.ch\/wp-content\/uploads\/2019\/07\/RS_avatar_184x184-150x150.png\" \/>\n<script type=\"application\/ld+json\" class=\"yoast-schema-graph\">{\"@context\":\"https:\\\/\\\/schema.org\",\"@graph\":[{\"@type\":\"WebPage\",\"@id\":\"https:\\\/\\\/www.racing-simulator.ch\\\/index.php\\\/a-notre-propos\\\/\",\"url\":\"https:\\\/\\\/www.racing-simulator.ch\\\/index.php\\\/a-notre-propos\\\/\",\"name\":\"A notre propos\",\"isPartOf\":{\"@id\":\"https:\\\/\\\/www.racing-simulator.ch\\\/#website\"},\"primaryImageOfPage\":{\"@id\":\"https:\\\/\\\/www.racing-simulator.ch\\\/index.php\\\/a-notre-propos\\\/#primaryimage\"},\"image\":{\"@id\":\"https:\\\/\\\/www.racing-simulator.ch\\\/index.php\\\/a-notre-propos\\\/#primaryimage\"},\"thumbnailUrl\":\"https:\\\/\\\/www.racing-simulator.ch\\\/wp-content\\\/uploads\\\/2019\\\/07\\\/RS_avatar_184x184-150x150.png\",\"datePublished\":\"2015-10-08T19:00:24+00:00\",\"dateModified\":\"2019-07-26T12:49:03+00:00\",\"description\":\"Qui sommes-nous ? Passionn\u00e9s par les belles voitures et la simulation de sport automobile, Olivier et Fran\u00e7ois ont uni leurs comp\u00e9tences pour d\u00e9velopper\",\"breadcrumb\":{\"@id\":\"https:\\\/\\\/www.racing-simulator.ch\\\/index.php\\\/a-notre-propos\\\/#breadcrumb\"},\"inLanguage\":\"fr-FR\",\"potentialAction\":[{\"@type\":\"ReadAction\",\"target\":[\"https:\\\/\\\/www.racing-simulator.ch\\\/index.php\\\/a-notre-propos\\\/\"]}]},{\"@type\":\"ImageObject\",\"inLanguage\":\"fr-FR\",\"@id\":\"https:\\\/\\\/www.racing-simulator.ch\\\/index.php\\\/a-notre-propos\\\/#primaryimage\",\"url\":\"https:\\\/\\\/www.racing-simulator.ch\\\/wp-content\\\/uploads\\\/2019\\\/07\\\/RS_avatar_184x184.png\",\"contentUrl\":\"https:\\\/\\\/www.racing-simulator.ch\\\/wp-content\\\/uploads\\\/2019\\\/07\\\/RS_avatar_184x184.png\",\"width\":184,\"height\":184,\"caption\":\"RS TEAM\"},{\"@type\":\"BreadcrumbList\",\"@id\":\"https:\\\/\\\/www.racing-simulator.ch\\\/index.php\\\/a-notre-propos\\\/#breadcrumb\",\"itemListElement\":[{\"@type\":\"ListItem\",\"position\":1,\"name\":\"Accueil\",\"item\":\"https:\\\/\\\/www.racing-simulator.ch\\\/\"},{\"@type\":\"ListItem\",\"position\":2,\"name\":\"A notre propos\"}]},{\"@type\":\"WebSite\",\"@id\":\"https:\\\/\\\/www.racing-simulator.ch\\\/#website\",\"url\":\"https:\\\/\\\/www.racing-simulator.ch\\\/\",\"name\":\"Racing Simulator\",\"description\":\"Simulator for Simracers\",\"publisher\":{\"@id\":\"https:\\\/\\\/www.racing-simulator.ch\\\/#organization\"},\"potentialAction\":[{\"@type\":\"SearchAction\",\"target\":{\"@type\":\"EntryPoint\",\"urlTemplate\":\"https:\\\/\\\/www.racing-simulator.ch\\\/?s={search_term_string}\"},\"query-input\":{\"@type\":\"PropertyValueSpecification\",\"valueRequired\":true,\"valueName\":\"search_term_string\"}}],\"inLanguage\":\"fr-FR\"},{\"@type\":\"Organization\",\"@id\":\"https:\\\/\\\/www.racing-simulator.ch\\\/#organization\",\"name\":\"RACING SIMULATOR\",\"url\":\"https:\\\/\\\/www.racing-simulator.ch\\\/\",\"logo\":{\"@type\":\"ImageObject\",\"inLanguage\":\"fr-FR\",\"@id\":\"https:\\\/\\\/www.racing-simulator.ch\\\/#\\\/schema\\\/logo\\\/image\\\/\",\"url\":\"https:\\\/\\\/www.racing-simulator.ch\\\/wp-content\\\/uploads\\\/2017\\\/06\\\/IMG_8042.jpg\",\"contentUrl\":\"https:\\\/\\\/www.racing-simulator.ch\\\/wp-content\\\/uploads\\\/2017\\\/06\\\/IMG_8042.jpg\",\"width\":1024,\"height\":768,\"caption\":\"RACING SIMULATOR\"},\"image\":{\"@id\":\"https:\\\/\\\/www.racing-simulator.ch\\\/#\\\/schema\\\/logo\\\/image\\\/\"},\"sameAs\":[\"https:\\\/\\\/www.facebook.com\\\/simulateurauto\",\"https:\\\/\\\/www.youtube.com\\\/channel\\\/UCcb2CgWTsil_eWOROWkBJ1Q\"]}]}<\/script>\n<!-- \/ Yoast SEO plugin. -->","yoast_head_json":{"title":"A notre propos","description":"Qui sommes-nous ? Passionn\u00e9s par les belles voitures et la simulation de sport automobile, Olivier et Fran\u00e7ois ont uni leurs comp\u00e9tences pour d\u00e9velopper","robots":{"index":"index","follow":"follow","max-snippet":"max-snippet:-1","max-image-preview":"max-image-preview:large","max-video-preview":"max-video-preview:-1"},"canonical":"https:\/\/www.racing-simulator.ch\/index.php\/a-notre-propos\/","og_locale":"fr_FR","og_type":"article","og_title":"A notre propos","og_description":"Qui sommes-nous ? Passionn\u00e9s par les belles voitures et la simulation de sport automobile, Olivier et Fran\u00e7ois ont uni leurs comp\u00e9tences pour d\u00e9velopper","og_url":"https:\/\/www.racing-simulator.ch\/index.php\/a-notre-propos\/","og_site_name":"Racing Simulator","article_publisher":"https:\/\/www.facebook.com\/simulateurauto","article_modified_time":"2019-07-26T12:49:03+00:00","og_image":[{"url":"https:\/\/www.racing-simulator.ch\/wp-content\/uploads\/2019\/07\/RS_avatar_184x184-150x150.png","type":"","width":"","height":""}],"schema":{"@context":"https:\/\/schema.org","@graph":[{"@type":"WebPage","@id":"https:\/\/www.racing-simulator.ch\/index.php\/a-notre-propos\/","url":"https:\/\/www.racing-simulator.ch\/index.php\/a-notre-propos\/","name":"A notre propos","isPartOf":{"@id":"https:\/\/www.racing-simulator.ch\/#website"},"primaryImageOfPage":{"@id":"https:\/\/www.racing-simulator.ch\/index.php\/a-notre-propos\/#primaryimage"},"image":{"@id":"https:\/\/www.racing-simulator.ch\/index.php\/a-notre-propos\/#primaryimage"},"thumbnailUrl":"https:\/\/www.racing-simulator.ch\/wp-content\/uploads\/2019\/07\/RS_avatar_184x184-150x150.png","datePublished":"2015-10-08T19:00:24+00:00","dateModified":"2019-07-26T12:49:03+00:00","description":"Qui sommes-nous ? Passionn\u00e9s par les belles voitures et la simulation de sport automobile, Olivier et Fran\u00e7ois ont uni leurs comp\u00e9tences pour d\u00e9velopper","breadcrumb":{"@id":"https:\/\/www.racing-simulator.ch\/index.php\/a-notre-propos\/#breadcrumb"},"inLanguage":"fr-FR","potentialAction":[{"@type":"ReadAction","target":["https:\/\/www.racing-simulator.ch\/index.php\/a-notre-propos\/"]}]},{"@type":"ImageObject","inLanguage":"fr-FR","@id":"https:\/\/www.racing-simulator.ch\/index.php\/a-notre-propos\/#primaryimage","url":"https:\/\/www.racing-simulator.ch\/wp-content\/uploads\/2019\/07\/RS_avatar_184x184.png","contentUrl":"https:\/\/www.racing-simulator.ch\/wp-content\/uploads\/2019\/07\/RS_avatar_184x184.png","width":184,"height":184,"caption":"RS TEAM"},{"@type":"BreadcrumbList","@id":"https:\/\/www.racing-simulator.ch\/index.php\/a-notre-propos\/#breadcrumb","itemListElement":[{"@type":"ListItem","position":1,"name":"Accueil","item":"https:\/\/www.racing-simulator.ch\/"},{"@type":"ListItem","position":2,"name":"A notre propos"}]},{"@type":"WebSite","@id":"https:\/\/www.racing-simulator.ch\/#website","url":"https:\/\/www.racing-simulator.ch\/","name":"Racing Simulator","description":"Simulator for Simracers","publisher":{"@id":"https:\/\/www.racing-simulator.ch\/#organization"},"potentialAction":[{"@type":"SearchAction","target":{"@type":"EntryPoint","urlTemplate":"https:\/\/www.racing-simulator.ch\/?s={search_term_string}"},"query-input":{"@type":"PropertyValueSpecification","valueRequired":true,"valueName":"search_term_string"}}],"inLanguage":"fr-FR"},{"@type":"Organization","@id":"https:\/\/www.racing-simulator.ch\/#organization","name":"RACING SIMULATOR","url":"https:\/\/www.racing-simulator.ch\/","logo":{"@type":"ImageObject","inLanguage":"fr-FR","@id":"https:\/\/www.racing-simulator.ch\/#\/schema\/logo\/image\/","url":"https:\/\/www.racing-simulator.ch\/wp-content\/uploads\/2017\/06\/IMG_8042.jpg","contentUrl":"https:\/\/www.racing-simulator.ch\/wp-content\/uploads\/2017\/06\/IMG_8042.jpg","width":1024,"height":768,"caption":"RACING SIMULATOR"},"image":{"@id":"https:\/\/www.racing-simulator.ch\/#\/schema\/logo\/image\/"},"sameAs":["https:\/\/www.facebook.com\/simulateurauto","https:\/\/www.youtube.com\/channel\/UCcb2CgWTsil_eWOROWkBJ1Q"]}]}},"_links":{"self":[{"href":"https:\/\/www.racing-simulator.ch\/index.php\/wp-json\/wp\/v2\/pages\/14","targetHints":{"allow":["GET"]}}],"collection":[{"href":"https:\/\/www.racing-simulator.ch\/index.php\/wp-json\/wp\/v2\/pages"}],"about":[{"href":"https:\/\/www.racing-simulator.ch\/index.php\/wp-json\/wp\/v2\/types\/page"}],"author":[{"embeddable":true,"href":"https:\/\/www.racing-simulator.ch\/index.php\/wp-json\/wp\/v2\/users\/1"}],"replies":[{"embeddable":true,"href":"https:\/\/www.racing-simulator.ch\/index.php\/wp-json\/wp\/v2\/comments?post=14"}],"version-history":[{"count":10,"href":"https:\/\/www.racing-simulator.ch\/index.php\/wp-json\/wp\/v2\/pages\/14\/revisions"}],"predecessor-version":[{"id":653,"href":"https:\/\/www.racing-simulator.ch\/index.php\/wp-json\/wp\/v2\/pages\/14\/revisions\/653"}],"wp:attachment":[{"href":"https:\/\/www.racing-simulator.ch\/index.php\/wp-json\/wp\/v2\/media?parent=14"}],"curies":[{"name":"wp","href":"https:\/\/api.w.org\/{rel}","templated":true}]}}