{"id":636,"date":"2019-07-26T13:22:16","date_gmt":"2019-07-26T12:22:16","guid":{"rendered":"https:\/\/www.racing-simulator.ch\/?page_id=636"},"modified":"2019-08-28T14:41:47","modified_gmt":"2019-08-28T13:41:47","slug":"rs-team","status":"publish","type":"page","link":"https:\/\/www.racing-simulator.ch\/index.php\/rs-team\/","title":{"rendered":"RS TEAM"},"content":{"rendered":"<h2>RS TEAM<\/h2>\n<p>Depuis 2019, nous avons cr\u00e9e \u00ab\u00a0RS TEAM\u00a0\u00bb regroupant quelques amis afin de disputer des courses sur notre nouveau serveur d\u00e9di\u00e9 \u00e0 ASSETTO CORSA.<\/p>\n<p>Le serveur <a href=\"http:\/\/ac.racingsimulator.ch:8772\" target=\"_blank\" rel=\"noopener noreferrer\">RACINGSIMULATOR.CH<\/a> est ouvert au public et accessible 24\/24h, 7\/7j \u00e0 partir du mode multi-joueur (on-line) du jeu ASSETTO CORSA.<\/p>\n<p>Vous pouvez nous retrouver \u00e9galement sur <a href=\"https:\/\/discord.gg\/0rnqo2dEgxMVpqhZ\" target=\"_blank\" rel=\"noopener noreferrer\">Discord<\/a>, <a href=\"https:\/\/www.youtube.com\/channel\/UCcb2CgWTsil_eWOROWkBJ1Q\" target=\"_blank\" rel=\"noopener noreferrer\">Youtube<\/a>, <a href=\"https:\/\/www.facebook.com\/simulateurauto\" target=\"_blank\" rel=\"noopener noreferrer\">FaceBook<\/a>, <a href=\"https:\/\/steamcommunity.com\/groups\/Racing-Simulator\" target=\"_blank\" rel=\"noopener noreferrer\">Steam<\/a> et <a href=\"https:\/\/www.twitch.tv\/rs_jumping69\" target=\"_blank\" rel=\"noopener noreferrer\">Twitch<\/a> !<\/p>\n<p style=\"text-align: center;\"><img loading=\"lazy\" decoding=\"async\" class=\"alignnone wp-image-552 size-thumbnail\" src=\"https:\/\/www.racing-simulator.ch\/wp-content\/uploads\/2019\/07\/RS_avatar_184x184-150x150.png\" alt=\"RS TEAM\" width=\"150\" height=\"150\" srcset=\"https:\/\/www.racing-simulator.ch\/wp-content\/uploads\/2019\/07\/RS_avatar_184x184-150x150.png 150w, https:\/\/www.racing-simulator.ch\/wp-content\/uploads\/2019\/07\/RS_avatar_184x184-100x100.png 100w, https:\/\/www.racing-simulator.ch\/wp-content\/uploads\/2019\/07\/RS_avatar_184x184.png 184w\" sizes=\"auto, (max-width: 150px) 100vw, 150px\" \/><\/p>\n<div class=\"row row-boxed\"  id=\"row-556686472\">\n\n\t<div id=\"col-1880097585\" class=\"col medium-1\/2 large-6\"  >\n\t\t\t\t<div class=\"col-inner\"  >\n\t\t\t\n\t\t\t\n<p><img loading=\"lazy\" decoding=\"async\" class=\"wp-image-736 aligncenter\" src=\"https:\/\/www.racing-simulator.ch\/wp-content\/uploads\/2019\/08\/skin_ac-Porsche_911_GT3_Cup_2017-RS_skin.jpg\" alt=\"Porsche\" width=\"400\" height=\"225\" srcset=\"https:\/\/www.racing-simulator.ch\/wp-content\/uploads\/2019\/08\/skin_ac-Porsche_911_GT3_Cup_2017-RS_skin.jpg 1020w, https:\/\/www.racing-simulator.ch\/wp-content\/uploads\/2019\/08\/skin_ac-Porsche_911_GT3_Cup_2017-RS_skin-300x169.jpg 300w, https:\/\/www.racing-simulator.ch\/wp-content\/uploads\/2019\/08\/skin_ac-Porsche_911_GT3_Cup_2017-RS_skin-768x432.jpg 768w\" sizes=\"auto, (max-width: 400px) 100vw, 400px\" \/><\/p>\n\t\t<\/div>\n\t\t\t\t\t<\/div>\n\n\t\n\n\t<div id=\"col-695021294\" class=\"col medium-1\/2 large-6\"  >\n\t\t\t\t<div class=\"col-inner\"  >\n\t\t\t\n\t\t\t\n<p><img loading=\"lazy\" decoding=\"async\" class=\"wp-image-737 aligncenter\" src=\"https:\/\/www.racing-simulator.ch\/wp-content\/uploads\/2019\/08\/skin_ac-Mercedes_SLS_AMG_GT3-RS_Skin.jpg\" alt=\"\" width=\"401\" height=\"225\" srcset=\"https:\/\/www.racing-simulator.ch\/wp-content\/uploads\/2019\/08\/skin_ac-Mercedes_SLS_AMG_GT3-RS_Skin.jpg 1022w, https:\/\/www.racing-simulator.ch\/wp-content\/uploads\/2019\/08\/skin_ac-Mercedes_SLS_AMG_GT3-RS_Skin-300x168.jpg 300w, https:\/\/www.racing-simulator.ch\/wp-content\/uploads\/2019\/08\/skin_ac-Mercedes_SLS_AMG_GT3-RS_Skin-768x431.jpg 768w\" sizes=\"auto, (max-width: 401px) 100vw, 401px\" \/><\/p>\n\t\t<\/div>\n\t\t\t\t\t<\/div>\n\n\t\n<\/div>\n","protected":false},"excerpt":{"rendered":"<p>RS TEAM Depuis 2019, nous avons cr\u00e9e \u00ab\u00a0RS TEAM\u00a0\u00bb regroupant quelques amis afin de disputer des courses sur notre nouveau serveur d\u00e9di\u00e9 \u00e0 ASSETTO CORSA. Le serveur RACINGSIMULATOR.CH est ouvert au public et accessible 24\/24h, 7\/7j \u00e0 partir du mode multi-joueur (on-line) du jeu ASSETTO CORSA. Vous pouvez nous retrouver \u00e9galement sur Discord, Youtube, FaceBook, [&#8230;]\n","protected":false},"author":1,"featured_media":0,"parent":0,"menu_order":0,"comment_status":"closed","ping_status":"closed","template":"","meta":{"footnotes":""},"class_list":["post-636","page","type-page","status-publish","hentry"],"yoast_head":"<!-- This site is optimized with the Yoast SEO plugin v27.3 - https:\/\/yoast.com\/product\/yoast-seo-wordpress\/ -->\n<title>RS TEAM<\/title>\n<meta name=\"description\" content=\"RS TEAM Depuis 2019, nous avons cr\u00e9e &quot;RS TEAM&quot; regroupant quelques amis afin de disputer des courses sur notre nouveau serveur d\u00e9di\u00e9 \u00e0 ASSETTO CORSA. Le\" \/>\n<meta name=\"robots\" content=\"index, follow, max-snippet:-1, max-image-preview:large, max-video-preview:-1\" \/>\n<link rel=\"canonical\" href=\"https:\/\/www.racing-simulator.ch\/index.php\/rs-team\/\" \/>\n<meta property=\"og:locale\" content=\"fr_FR\" \/>\n<meta property=\"og:type\" content=\"article\" \/>\n<meta property=\"og:title\" content=\"RS TEAM\" \/>\n<meta property=\"og:description\" content=\"RS TEAM Depuis 2019, nous avons cr\u00e9e &quot;RS TEAM&quot; regroupant quelques amis afin de disputer des courses sur notre nouveau serveur d\u00e9di\u00e9 \u00e0 ASSETTO CORSA. Le\" \/>\n<meta property=\"og:url\" content=\"https:\/\/www.racing-simulator.ch\/index.php\/rs-team\/\" \/>\n<meta property=\"og:site_name\" content=\"Racing Simulator\" \/>\n<meta property=\"article:publisher\" content=\"https:\/\/www.facebook.com\/simulateurauto\" \/>\n<meta property=\"article:modified_time\" content=\"2019-08-28T13:41:47+00:00\" \/>\n<meta property=\"og:image\" content=\"https:\/\/www.racing-simulator.ch\/wp-content\/uploads\/2019\/07\/RS_avatar_184x184-150x150.png\" \/>\n<script type=\"application\/ld+json\" class=\"yoast-schema-graph\">{\"@context\":\"https:\\\/\\\/schema.org\",\"@graph\":[{\"@type\":\"WebPage\",\"@id\":\"https:\\\/\\\/www.racing-simulator.ch\\\/index.php\\\/rs-team\\\/\",\"url\":\"https:\\\/\\\/www.racing-simulator.ch\\\/index.php\\\/rs-team\\\/\",\"name\":\"RS TEAM\",\"isPartOf\":{\"@id\":\"https:\\\/\\\/www.racing-simulator.ch\\\/#website\"},\"primaryImageOfPage\":{\"@id\":\"https:\\\/\\\/www.racing-simulator.ch\\\/index.php\\\/rs-team\\\/#primaryimage\"},\"image\":{\"@id\":\"https:\\\/\\\/www.racing-simulator.ch\\\/index.php\\\/rs-team\\\/#primaryimage\"},\"thumbnailUrl\":\"https:\\\/\\\/www.racing-simulator.ch\\\/wp-content\\\/uploads\\\/2019\\\/07\\\/RS_avatar_184x184-150x150.png\",\"datePublished\":\"2019-07-26T12:22:16+00:00\",\"dateModified\":\"2019-08-28T13:41:47+00:00\",\"description\":\"RS TEAM Depuis 2019, nous avons cr\u00e9e \\\"RS TEAM\\\" regroupant quelques amis afin de disputer des courses sur notre nouveau serveur d\u00e9di\u00e9 \u00e0 ASSETTO CORSA. Le\",\"breadcrumb\":{\"@id\":\"https:\\\/\\\/www.racing-simulator.ch\\\/index.php\\\/rs-team\\\/#breadcrumb\"},\"inLanguage\":\"fr-FR\",\"potentialAction\":[{\"@type\":\"ReadAction\",\"target\":[\"https:\\\/\\\/www.racing-simulator.ch\\\/index.php\\\/rs-team\\\/\"]}]},{\"@type\":\"ImageObject\",\"inLanguage\":\"fr-FR\",\"@id\":\"https:\\\/\\\/www.racing-simulator.ch\\\/index.php\\\/rs-team\\\/#primaryimage\",\"url\":\"https:\\\/\\\/www.racing-simulator.ch\\\/wp-content\\\/uploads\\\/2019\\\/07\\\/RS_avatar_184x184.png\",\"contentUrl\":\"https:\\\/\\\/www.racing-simulator.ch\\\/wp-content\\\/uploads\\\/2019\\\/07\\\/RS_avatar_184x184.png\",\"width\":184,\"height\":184,\"caption\":\"RS TEAM\"},{\"@type\":\"BreadcrumbList\",\"@id\":\"https:\\\/\\\/www.racing-simulator.ch\\\/index.php\\\/rs-team\\\/#breadcrumb\",\"itemListElement\":[{\"@type\":\"ListItem\",\"position\":1,\"name\":\"Accueil\",\"item\":\"https:\\\/\\\/www.racing-simulator.ch\\\/\"},{\"@type\":\"ListItem\",\"position\":2,\"name\":\"RS TEAM\"}]},{\"@type\":\"WebSite\",\"@id\":\"https:\\\/\\\/www.racing-simulator.ch\\\/#website\",\"url\":\"https:\\\/\\\/www.racing-simulator.ch\\\/\",\"name\":\"Racing Simulator\",\"description\":\"Simulator for Simracers\",\"publisher\":{\"@id\":\"https:\\\/\\\/www.racing-simulator.ch\\\/#organization\"},\"potentialAction\":[{\"@type\":\"SearchAction\",\"target\":{\"@type\":\"EntryPoint\",\"urlTemplate\":\"https:\\\/\\\/www.racing-simulator.ch\\\/?s={search_term_string}\"},\"query-input\":{\"@type\":\"PropertyValueSpecification\",\"valueRequired\":true,\"valueName\":\"search_term_string\"}}],\"inLanguage\":\"fr-FR\"},{\"@type\":\"Organization\",\"@id\":\"https:\\\/\\\/www.racing-simulator.ch\\\/#organization\",\"name\":\"RACING SIMULATOR\",\"url\":\"https:\\\/\\\/www.racing-simulator.ch\\\/\",\"logo\":{\"@type\":\"ImageObject\",\"inLanguage\":\"fr-FR\",\"@id\":\"https:\\\/\\\/www.racing-simulator.ch\\\/#\\\/schema\\\/logo\\\/image\\\/\",\"url\":\"https:\\\/\\\/www.racing-simulator.ch\\\/wp-content\\\/uploads\\\/2017\\\/06\\\/IMG_8042.jpg\",\"contentUrl\":\"https:\\\/\\\/www.racing-simulator.ch\\\/wp-content\\\/uploads\\\/2017\\\/06\\\/IMG_8042.jpg\",\"width\":1024,\"height\":768,\"caption\":\"RACING SIMULATOR\"},\"image\":{\"@id\":\"https:\\\/\\\/www.racing-simulator.ch\\\/#\\\/schema\\\/logo\\\/image\\\/\"},\"sameAs\":[\"https:\\\/\\\/www.facebook.com\\\/simulateurauto\",\"https:\\\/\\\/www.youtube.com\\\/channel\\\/UCcb2CgWTsil_eWOROWkBJ1Q\"]}]}<\/script>\n<!-- \/ Yoast SEO plugin. -->","yoast_head_json":{"title":"RS TEAM","description":"RS TEAM Depuis 2019, nous avons cr\u00e9e \"RS TEAM\" regroupant quelques amis afin de disputer des courses sur notre nouveau serveur d\u00e9di\u00e9 \u00e0 ASSETTO CORSA. Le","robots":{"index":"index","follow":"follow","max-snippet":"max-snippet:-1","max-image-preview":"max-image-preview:large","max-video-preview":"max-video-preview:-1"},"canonical":"https:\/\/www.racing-simulator.ch\/index.php\/rs-team\/","og_locale":"fr_FR","og_type":"article","og_title":"RS TEAM","og_description":"RS TEAM Depuis 2019, nous avons cr\u00e9e \"RS TEAM\" regroupant quelques amis afin de disputer des courses sur notre nouveau serveur d\u00e9di\u00e9 \u00e0 ASSETTO CORSA. Le","og_url":"https:\/\/www.racing-simulator.ch\/index.php\/rs-team\/","og_site_name":"Racing Simulator","article_publisher":"https:\/\/www.facebook.com\/simulateurauto","article_modified_time":"2019-08-28T13:41:47+00:00","og_image":[{"url":"https:\/\/www.racing-simulator.ch\/wp-content\/uploads\/2019\/07\/RS_avatar_184x184-150x150.png","type":"","width":"","height":""}],"schema":{"@context":"https:\/\/schema.org","@graph":[{"@type":"WebPage","@id":"https:\/\/www.racing-simulator.ch\/index.php\/rs-team\/","url":"https:\/\/www.racing-simulator.ch\/index.php\/rs-team\/","name":"RS TEAM","isPartOf":{"@id":"https:\/\/www.racing-simulator.ch\/#website"},"primaryImageOfPage":{"@id":"https:\/\/www.racing-simulator.ch\/index.php\/rs-team\/#primaryimage"},"image":{"@id":"https:\/\/www.racing-simulator.ch\/index.php\/rs-team\/#primaryimage"},"thumbnailUrl":"https:\/\/www.racing-simulator.ch\/wp-content\/uploads\/2019\/07\/RS_avatar_184x184-150x150.png","datePublished":"2019-07-26T12:22:16+00:00","dateModified":"2019-08-28T13:41:47+00:00","description":"RS TEAM Depuis 2019, nous avons cr\u00e9e \"RS TEAM\" regroupant quelques amis afin de disputer des courses sur notre nouveau serveur d\u00e9di\u00e9 \u00e0 ASSETTO CORSA. Le","breadcrumb":{"@id":"https:\/\/www.racing-simulator.ch\/index.php\/rs-team\/#breadcrumb"},"inLanguage":"fr-FR","potentialAction":[{"@type":"ReadAction","target":["https:\/\/www.racing-simulator.ch\/index.php\/rs-team\/"]}]},{"@type":"ImageObject","inLanguage":"fr-FR","@id":"https:\/\/www.racing-simulator.ch\/index.php\/rs-team\/#primaryimage","url":"https:\/\/www.racing-simulator.ch\/wp-content\/uploads\/2019\/07\/RS_avatar_184x184.png","contentUrl":"https:\/\/www.racing-simulator.ch\/wp-content\/uploads\/2019\/07\/RS_avatar_184x184.png","width":184,"height":184,"caption":"RS TEAM"},{"@type":"BreadcrumbList","@id":"https:\/\/www.racing-simulator.ch\/index.php\/rs-team\/#breadcrumb","itemListElement":[{"@type":"ListItem","position":1,"name":"Accueil","item":"https:\/\/www.racing-simulator.ch\/"},{"@type":"ListItem","position":2,"name":"RS TEAM"}]},{"@type":"WebSite","@id":"https:\/\/www.racing-simulator.ch\/#website","url":"https:\/\/www.racing-simulator.ch\/","name":"Racing Simulator","description":"Simulator for Simracers","publisher":{"@id":"https:\/\/www.racing-simulator.ch\/#organization"},"potentialAction":[{"@type":"SearchAction","target":{"@type":"EntryPoint","urlTemplate":"https:\/\/www.racing-simulator.ch\/?s={search_term_string}"},"query-input":{"@type":"PropertyValueSpecification","valueRequired":true,"valueName":"search_term_string"}}],"inLanguage":"fr-FR"},{"@type":"Organization","@id":"https:\/\/www.racing-simulator.ch\/#organization","name":"RACING SIMULATOR","url":"https:\/\/www.racing-simulator.ch\/","logo":{"@type":"ImageObject","inLanguage":"fr-FR","@id":"https:\/\/www.racing-simulator.ch\/#\/schema\/logo\/image\/","url":"https:\/\/www.racing-simulator.ch\/wp-content\/uploads\/2017\/06\/IMG_8042.jpg","contentUrl":"https:\/\/www.racing-simulator.ch\/wp-content\/uploads\/2017\/06\/IMG_8042.jpg","width":1024,"height":768,"caption":"RACING SIMULATOR"},"image":{"@id":"https:\/\/www.racing-simulator.ch\/#\/schema\/logo\/image\/"},"sameAs":["https:\/\/www.facebook.com\/simulateurauto","https:\/\/www.youtube.com\/channel\/UCcb2CgWTsil_eWOROWkBJ1Q"]}]}},"_links":{"self":[{"href":"https:\/\/www.racing-simulator.ch\/index.php\/wp-json\/wp\/v2\/pages\/636","targetHints":{"allow":["GET"]}}],"collection":[{"href":"https:\/\/www.racing-simulator.ch\/index.php\/wp-json\/wp\/v2\/pages"}],"about":[{"href":"https:\/\/www.racing-simulator.ch\/index.php\/wp-json\/wp\/v2\/types\/page"}],"author":[{"embeddable":true,"href":"https:\/\/www.racing-simulator.ch\/index.php\/wp-json\/wp\/v2\/users\/1"}],"replies":[{"embeddable":true,"href":"https:\/\/www.racing-simulator.ch\/index.php\/wp-json\/wp\/v2\/comments?post=636"}],"version-history":[{"count":15,"href":"https:\/\/www.racing-simulator.ch\/index.php\/wp-json\/wp\/v2\/pages\/636\/revisions"}],"predecessor-version":[{"id":758,"href":"https:\/\/www.racing-simulator.ch\/index.php\/wp-json\/wp\/v2\/pages\/636\/revisions\/758"}],"wp:attachment":[{"href":"https:\/\/www.racing-simulator.ch\/index.php\/wp-json\/wp\/v2\/media?parent=636"}],"curies":[{"name":"wp","href":"https:\/\/api.w.org\/{rel}","templated":true}]}}